{"id":10,"date":"2025-12-12T18:17:39","date_gmt":"2025-12-12T21:17:39","guid":{"rendered":"https:\/\/performance.tsdigitalsolutions.com.br\/?page_id=10"},"modified":"2025-12-12T18:24:06","modified_gmt":"2025-12-12T21:24:06","slug":"home","status":"publish","type":"page","link":"https:\/\/performance.tsdigitalsolutions.com.br\/","title":{"rendered":"Home"},"content":{"rendered":"\n<p>Home<\/p>\n\n\n\n<p><\/p>\n","protected":false},"excerpt":{"rendered":"Home","protected":false},"author":1,"featured_media":0,"parent":0,"menu_order":0,"comment_status":"closed","ping_status":"closed","template":"index.php","meta":{"footnotes":""},"class_list":["post-10","page","type-page","status-publish","hentry"],"yoast_head":"<!-- This site is optimized with the Yoast SEO plugin v26.6 - https:\/\/yoast.com\/wordpress\/plugins\/seo\/ -->\n<title>Performance de Landing Page: Descubra se Voc\u00ea Est\u00e1 Perdendo Convers\u00f5es<\/title>\n<meta name=\"description\" content=\"Descubra se sua Landing Page est\u00e1 prejudicando convers\u00e3o e aumentando o CPA. Diagn\u00f3stico gratuito de performance para quem investe em tr\u00e1fego pago.\" \/>\n<meta name=\"robots\" content=\"index, follow, max-snippet:-1, max-image-preview:large, max-video-preview:-1\" \/>\n<link rel=\"canonical\" href=\"https:\/\/performance.tsdigitalsolutions.com.br\/\" \/>\n<meta property=\"og:locale\" content=\"pt_BR\" \/>\n<meta property=\"og:type\" content=\"article\" \/>\n<meta property=\"og:title\" content=\"Performance de Landing Page: Descubra se Voc\u00ea Est\u00e1 Perdendo Convers\u00f5es\" \/>\n<meta property=\"og:description\" content=\"Descubra se sua Landing Page est\u00e1 prejudicando convers\u00e3o e aumentando o CPA. Diagn\u00f3stico gratuito de performance para quem investe em tr\u00e1fego pago.\" \/>\n<meta property=\"og:url\" content=\"https:\/\/performance.tsdigitalsolutions.com.br\/\" \/>\n<meta property=\"og:site_name\" content=\"Performance TS Digital Solutions\" \/>\n<meta property=\"article:modified_time\" content=\"2025-12-12T21:24:06+00:00\" \/>\n<meta name=\"twitter:card\" content=\"summary_large_image\" \/>\n<meta name=\"twitter:label1\" content=\"Est. tempo de leitura\" \/>\n\t<meta name=\"twitter:data1\" content=\"1 minuto\" \/>\n<script type=\"application\/ld+json\" class=\"yoast-schema-graph\">{\"@context\":\"https:\/\/schema.org\",\"@graph\":[{\"@type\":\"WebPage\",\"@id\":\"https:\/\/performance.tsdigitalsolutions.com.br\/\",\"url\":\"https:\/\/performance.tsdigitalsolutions.com.br\/\",\"name\":\"Performance de Landing Page: Descubra se Voc\u00ea Est\u00e1 Perdendo Convers\u00f5es\",\"isPartOf\":{\"@id\":\"https:\/\/performance.tsdigitalsolutions.com.br\/#website\"},\"datePublished\":\"2025-12-12T21:17:39+00:00\",\"dateModified\":\"2025-12-12T21:24:06+00:00\",\"description\":\"Descubra se sua Landing Page est\u00e1 prejudicando convers\u00e3o e aumentando o CPA. Diagn\u00f3stico gratuito de performance para quem investe em tr\u00e1fego pago.\",\"breadcrumb\":{\"@id\":\"https:\/\/performance.tsdigitalsolutions.com.br\/#breadcrumb\"},\"inLanguage\":\"pt-BR\",\"potentialAction\":[{\"@type\":\"ReadAction\",\"target\":[\"https:\/\/performance.tsdigitalsolutions.com.br\/\"]}]},{\"@type\":\"BreadcrumbList\",\"@id\":\"https:\/\/performance.tsdigitalsolutions.com.br\/#breadcrumb\",\"itemListElement\":[{\"@type\":\"ListItem\",\"position\":1,\"name\":\"In\u00edcio\",\"item\":\"https:\/\/performance.tsdigitalsolutions.com.br\/\"},{\"@type\":\"ListItem\",\"position\":2,\"name\":\"Home\"}]},{\"@type\":\"WebSite\",\"@id\":\"https:\/\/performance.tsdigitalsolutions.com.br\/#website\",\"url\":\"https:\/\/performance.tsdigitalsolutions.com.br\/\",\"name\":\"Performance TS Digital Solutions\",\"description\":\"\",\"potentialAction\":[{\"@type\":\"SearchAction\",\"target\":{\"@type\":\"EntryPoint\",\"urlTemplate\":\"https:\/\/performance.tsdigitalsolutions.com.br\/?s={search_term_string}\"},\"query-input\":{\"@type\":\"PropertyValueSpecification\",\"valueRequired\":true,\"valueName\":\"search_term_string\"}}],\"inLanguage\":\"pt-BR\"}]}<\/script>\n<!-- \/ Yoast SEO plugin. -->","yoast_head_json":{"title":"Performance de Landing Page: Descubra se Voc\u00ea Est\u00e1 Perdendo Convers\u00f5es","description":"Descubra se sua Landing Page est\u00e1 prejudicando convers\u00e3o e aumentando o CPA. Diagn\u00f3stico gratuito de performance para quem investe em tr\u00e1fego pago.","robots":{"index":"index","follow":"follow","max-snippet":"max-snippet:-1","max-image-preview":"max-image-preview:large","max-video-preview":"max-video-preview:-1"},"canonical":"https:\/\/performance.tsdigitalsolutions.com.br\/","og_locale":"pt_BR","og_type":"article","og_title":"Performance de Landing Page: Descubra se Voc\u00ea Est\u00e1 Perdendo Convers\u00f5es","og_description":"Descubra se sua Landing Page est\u00e1 prejudicando convers\u00e3o e aumentando o CPA. Diagn\u00f3stico gratuito de performance para quem investe em tr\u00e1fego pago.","og_url":"https:\/\/performance.tsdigitalsolutions.com.br\/","og_site_name":"Performance TS Digital Solutions","article_modified_time":"2025-12-12T21:24:06+00:00","twitter_card":"summary_large_image","twitter_misc":{"Est. tempo de leitura":"1 minuto"},"schema":{"@context":"https:\/\/schema.org","@graph":[{"@type":"WebPage","@id":"https:\/\/performance.tsdigitalsolutions.com.br\/","url":"https:\/\/performance.tsdigitalsolutions.com.br\/","name":"Performance de Landing Page: Descubra se Voc\u00ea Est\u00e1 Perdendo Convers\u00f5es","isPartOf":{"@id":"https:\/\/performance.tsdigitalsolutions.com.br\/#website"},"datePublished":"2025-12-12T21:17:39+00:00","dateModified":"2025-12-12T21:24:06+00:00","description":"Descubra se sua Landing Page est\u00e1 prejudicando convers\u00e3o e aumentando o CPA. Diagn\u00f3stico gratuito de performance para quem investe em tr\u00e1fego pago.","breadcrumb":{"@id":"https:\/\/performance.tsdigitalsolutions.com.br\/#breadcrumb"},"inLanguage":"pt-BR","potentialAction":[{"@type":"ReadAction","target":["https:\/\/performance.tsdigitalsolutions.com.br\/"]}]},{"@type":"BreadcrumbList","@id":"https:\/\/performance.tsdigitalsolutions.com.br\/#breadcrumb","itemListElement":[{"@type":"ListItem","position":1,"name":"In\u00edcio","item":"https:\/\/performance.tsdigitalsolutions.com.br\/"},{"@type":"ListItem","position":2,"name":"Home"}]},{"@type":"WebSite","@id":"https:\/\/performance.tsdigitalsolutions.com.br\/#website","url":"https:\/\/performance.tsdigitalsolutions.com.br\/","name":"Performance TS Digital Solutions","description":"","potentialAction":[{"@type":"SearchAction","target":{"@type":"EntryPoint","urlTemplate":"https:\/\/performance.tsdigitalsolutions.com.br\/?s={search_term_string}"},"query-input":{"@type":"PropertyValueSpecification","valueRequired":true,"valueName":"search_term_string"}}],"inLanguage":"pt-BR"}]}},"_links":{"self":[{"href":"https:\/\/performance.tsdigitalsolutions.com.br\/index.php\/wp-json\/wp\/v2\/pages\/10","targetHints":{"allow":["GET"]}}],"collection":[{"href":"https:\/\/performance.tsdigitalsolutions.com.br\/index.php\/wp-json\/wp\/v2\/pages"}],"about":[{"href":"https:\/\/performance.tsdigitalsolutions.com.br\/index.php\/wp-json\/wp\/v2\/types\/page"}],"author":[{"embeddable":true,"href":"https:\/\/performance.tsdigitalsolutions.com.br\/index.php\/wp-json\/wp\/v2\/users\/1"}],"replies":[{"embeddable":true,"href":"https:\/\/performance.tsdigitalsolutions.com.br\/index.php\/wp-json\/wp\/v2\/comments?post=10"}],"version-history":[{"count":2,"href":"https:\/\/performance.tsdigitalsolutions.com.br\/index.php\/wp-json\/wp\/v2\/pages\/10\/revisions"}],"predecessor-version":[{"id":13,"href":"https:\/\/performance.tsdigitalsolutions.com.br\/index.php\/wp-json\/wp\/v2\/pages\/10\/revisions\/13"}],"wp:attachment":[{"href":"https:\/\/performance.tsdigitalsolutions.com.br\/index.php\/wp-json\/wp\/v2\/media?parent=10"}],"curies":[{"name":"wp","href":"https:\/\/api.w.org\/{rel}","templated":true}]}}